{"id":248,"date":"2015-12-01T10:30:02","date_gmt":"2015-12-01T09:30:02","guid":{"rendered":"http:\/\/www.franzhois.com\/?page_id=248"},"modified":"2021-02-08T16:04:09","modified_gmt":"2021-02-08T15:04:09","slug":"farb-galerien","status":"publish","type":"page","link":"https:\/\/www.franzhois.com\/?page_id=248","title":{"rendered":"Schluchten und Klammen"},"content":{"rendered":"<p style=\"text-align: center;\">Alle Fotos sind urheberrechtlich gesch\u00fctzt, Missbrauch wird ausnahmslos zur Anzeige gebracht!<\/p>\n<ul>\n<li style=\"text-align: center;\">\n<h4><strong><a href=\"https:\/\/www.franzhois.com\/?page_id=723\">Myraf\u00e4lle N\u00d6<\/a><\/strong><\/h4>\n<\/li>\n<li style=\"text-align: center;\">\n<h4><strong><a href=\"https:\/\/www.franzhois.com\/?page_id=687\">B\u00e4rensch\u00fctzklamm<\/a><\/strong><\/h4>\n<\/li>\n<li style=\"text-align: center;\">\n<h4><strong><a href=\"https:\/\/www.franzhois.com\/?page_id=697\">Tscheppaschlucht\u00a0<\/a><\/strong><\/h4>\n<\/li>\n<li style=\"text-align: center;\">\n<h4><strong><a href=\"https:\/\/www.franzhois.com\/?page_id=704\">Soca &#8211; Tal \/ Slowenien<\/a><\/strong><\/h4>\n<\/li>\n<li style=\"text-align: center;\">\n<h4><strong><a href=\"https:\/\/www.franzhois.com\/?page_id=1007\">Wasserlochklamm<\/a><\/strong><\/h4>\n<\/li>\n<li style=\"text-align: center;\">\n<h4><strong><a href=\"https:\/\/www.franzhois.com\/?page_id=972\">Kesselfallklamm<\/a><\/strong><\/h4>\n<\/li>\n<li style=\"text-align: center;\">\n<h4><strong><a href=\"https:\/\/www.franzhois.com\/?page_id=1420\">Silberkarklamm<\/a><\/strong><\/h4>\n<\/li>\n<li style=\"text-align: center;\">\n<h4><strong><a href=\"https:\/\/www.franzhois.com\/?page_id=1514\">Teigitschklamm<\/a><\/strong><\/h4>\n<\/li>\n<\/ul>\n\n\n<p><\/p>\n","protected":false},"excerpt":{"rendered":"<p>Alle Fotos sind urheberrechtlich gesch\u00fctzt, Missbrauch wird ausnahmslos zur Anzeige gebracht! Myraf\u00e4lle N\u00d6 B\u00e4rensch\u00fctzklamm Tscheppaschlucht\u00a0 Soca &#8211; Tal \/ Slowenien Wasserlochklamm Kesselfallklamm Silberkarklamm Teigitschklamm<\/p>\n","protected":false},"author":1,"featured_media":0,"parent":0,"menu_order":0,"comment_status":"closed","ping_status":"closed","template":"","meta":[],"_links":{"self":[{"href":"https:\/\/www.franzhois.com\/index.php?rest_route=\/wp\/v2\/pages\/248"}],"collection":[{"href":"https:\/\/www.franzhois.com\/index.php?rest_route=\/wp\/v2\/pages"}],"about":[{"href":"https:\/\/www.franzhois.com\/index.php?rest_route=\/wp\/v2\/types\/page"}],"author":[{"embeddable":true,"href":"https:\/\/www.franzhois.com\/index.php?rest_route=\/wp\/v2\/users\/1"}],"replies":[{"embeddable":true,"href":"https:\/\/www.franzhois.com\/index.php?rest_route=%2Fwp%2Fv2%2Fcomments&post=248"}],"version-history":[{"count":39,"href":"https:\/\/www.franzhois.com\/index.php?rest_route=\/wp\/v2\/pages\/248\/revisions"}],"predecessor-version":[{"id":1559,"href":"https:\/\/www.franzhois.com\/index.php?rest_route=\/wp\/v2\/pages\/248\/revisions\/1559"}],"wp:attachment":[{"href":"https:\/\/www.franzhois.com\/index.php?rest_route=%2Fwp%2Fv2%2Fmedia&parent=248"}],"curies":[{"name":"wp","href":"https:\/\/api.w.org\/{rel}","templated":true}]}}