{"id":2,"date":"2015-11-23T20:35:26","date_gmt":"2015-11-23T19:35:26","guid":{"rendered":"http:\/\/www.franzhois.com\/?page_id=2"},"modified":"2021-03-10T08:22:21","modified_gmt":"2021-03-10T07:22:21","slug":"beispiel-seite","status":"publish","type":"page","link":"https:\/\/www.franzhois.com\/","title":{"rendered":"Herzlich willkommen auf der FineArt Fotogalerie"},"content":{"rendered":"<h4 style=\"text-align: left;\"><span style=\"color: #deaa10;\">\u201eVor vielen Jahren erblickte ich das Licht der Welt,<\/span><br \/><span style=\"color: #deaa10;\">einige Jahre sp\u00e4ter entdeckte ich die M\u00f6glichkeit dieses Licht einzufangen und seit dieser Zeit h\u00e4lt es mich gefangen.\u00a0 \u00a0<\/span><\/h4>\n<h6>\u00a0<\/h6>\n<h6 style=\"text-align: left;\"><em>Franz Harald Hois<\/em><\/h6>\n<p>\u00a0<\/p>\n<p style=\"text-align: left;\">Ich freue mich, dass Sie meine FineArt Photography Seite besuchen. Bl\u00e4ttern Sie durch die verschiedenen Bereiche der Gallerien, wenn Sie gerne eines der Fotos f\u00fcr Ihre Wohnung, B\u00fcro, Pr\u00e4sentationen oder vielleicht zu Werbezwecken verwenden m\u00f6chten, k\u00f6nnen Sie die Fotos in verschiedenen Gr\u00f6\u00dfen auch erwerben.<\/p>\n<p>Wenn Ihnen die FineArt Gallerien gefallen, w\u00fcrde ich mich auch \u00fcber eine R\u00fcckmeldung mittels Kontaktformular freuen.\u00a0<\/p>\n<p>Wenn Sie mehr \u00fcber mich erfahren m\u00f6chten, schauen Sie sich die <a href=\"https:\/\/www.franzhois.com\/?page_id=1839\">&#8222;\u00dcber mich&#8220;<\/a> Seite an.<\/p>\n<p>Danke, dass Sie meine Gallerie besucht haben.<\/p>\n\n\n<p><\/p>\n","protected":false},"excerpt":{"rendered":"<p>\u201eVor vielen Jahren erblickte ich das Licht der Welt,einige Jahre sp\u00e4ter entdeckte ich die M\u00f6glichkeit dieses Licht einzufangen und seit dieser Zeit h\u00e4lt es mich gefangen.\u00a0 \u00a0 \u00a0 Franz Harald Hois \u00a0 Ich freue mich, dass Sie meine FineArt Photography Seite besuchen. Bl\u00e4ttern Sie durch die verschiedenen Bereiche der Gallerien, wenn Sie gerne eines der&#8230;<\/p>\n","protected":false},"author":1,"featured_media":72,"parent":0,"menu_order":0,"comment_status":"closed","ping_status":"open","template":"","meta":[],"_links":{"self":[{"href":"https:\/\/www.franzhois.com\/index.php?rest_route=\/wp\/v2\/pages\/2"}],"collection":[{"href":"https:\/\/www.franzhois.com\/index.php?rest_route=\/wp\/v2\/pages"}],"about":[{"href":"https:\/\/www.franzhois.com\/index.php?rest_route=\/wp\/v2\/types\/page"}],"author":[{"embeddable":true,"href":"https:\/\/www.franzhois.com\/index.php?rest_route=\/wp\/v2\/users\/1"}],"replies":[{"embeddable":true,"href":"https:\/\/www.franzhois.com\/index.php?rest_route=%2Fwp%2Fv2%2Fcomments&post=2"}],"version-history":[{"count":37,"href":"https:\/\/www.franzhois.com\/index.php?rest_route=\/wp\/v2\/pages\/2\/revisions"}],"predecessor-version":[{"id":1846,"href":"https:\/\/www.franzhois.com\/index.php?rest_route=\/wp\/v2\/pages\/2\/revisions\/1846"}],"wp:featuredmedia":[{"embeddable":true,"href":"https:\/\/www.franzhois.com\/index.php?rest_route=\/wp\/v2\/media\/72"}],"wp:attachment":[{"href":"https:\/\/www.franzhois.com\/index.php?rest_route=%2Fwp%2Fv2%2Fmedia&parent=2"}],"curies":[{"name":"wp","href":"https:\/\/api.w.org\/{rel}","templated":true}]}}