{"id":1740,"date":"2021-03-09T11:14:10","date_gmt":"2021-03-09T10:14:10","guid":{"rendered":"https:\/\/www.franzhois.com\/?page_id=1740"},"modified":"2021-03-09T19:26:34","modified_gmt":"2021-03-09T18:26:34","slug":"fineart-fotogalerie","status":"publish","type":"page","link":"https:\/\/www.franzhois.com\/?page_id=1740","title":{"rendered":"FineArt B\u00fccher"},"content":{"rendered":"<p><\/p>\n<p><a href=\"https:\/\/www.franzhois.com\/?page_id=1782\"><img loading=\"lazy\" class=\"alignnone size-medium wp-image-1716\" src=\"https:\/\/www.franzhois.com\/wp-content\/uploads\/2015\/11\/Who\u00b4s-who-2015001-265x300.jpg\" alt=\"\" width=\"265\" height=\"300\" srcset=\"https:\/\/www.franzhois.com\/wp-content\/uploads\/2015\/11\/Who\u00b4s-who-2015001-265x300.jpg 265w, https:\/\/www.franzhois.com\/wp-content\/uploads\/2015\/11\/Who\u00b4s-who-2015001.jpg 533w\" sizes=\"(max-width: 265px) 100vw, 265px\" \/><\/a> <a href=\"https:\/\/www.franzhois.com\/?page_id=1772\"><img loading=\"lazy\" class=\"alignnone size-medium wp-image-1715\" src=\"https:\/\/www.franzhois.com\/wp-content\/uploads\/2015\/11\/Who\u00b4s-who-2013-14002-265x300.jpg\" alt=\"\" width=\"265\" height=\"300\" srcset=\"https:\/\/www.franzhois.com\/wp-content\/uploads\/2015\/11\/Who\u00b4s-who-2013-14002-265x300.jpg 265w, https:\/\/www.franzhois.com\/wp-content\/uploads\/2015\/11\/Who\u00b4s-who-2013-14002.jpg 533w\" sizes=\"(max-width: 265px) 100vw, 265px\" \/><\/a> <a href=\"https:\/\/www.franzhois.com\/?page_id=1792\"><img loading=\"lazy\" class=\"alignnone size-medium wp-image-1714\" src=\"https:\/\/www.franzhois.com\/wp-content\/uploads\/2015\/11\/Art-Compass-2018003-265x300.jpg\" alt=\"\" width=\"265\" height=\"300\" srcset=\"https:\/\/www.franzhois.com\/wp-content\/uploads\/2015\/11\/Art-Compass-2018003-265x300.jpg 265w, https:\/\/www.franzhois.com\/wp-content\/uploads\/2015\/11\/Art-Compass-2018003.jpg 533w\" sizes=\"(max-width: 265px) 100vw, 265px\" \/><\/a> <a href=\"https:\/\/www.franzhois.com\/?page_id=1762\"><img loading=\"lazy\" class=\"alignnone size-medium wp-image-1713\" src=\"https:\/\/www.franzhois.com\/wp-content\/uploads\/2015\/11\/99-top-fine-artists-004-265x300.jpg\" alt=\"\" width=\"265\" height=\"300\" srcset=\"https:\/\/www.franzhois.com\/wp-content\/uploads\/2015\/11\/99-top-fine-artists-004-265x300.jpg 265w, https:\/\/www.franzhois.com\/wp-content\/uploads\/2015\/11\/99-top-fine-artists-004.jpg 533w\" sizes=\"(max-width: 265px) 100vw, 265px\" \/><\/a><\/p>\n\n\n<p>B\u00fccher mit Infos und Abbildungen von mir. Es gibt noch wenige Exemplare zum Kaufen. Buchpreis Euro 24,00. Wer daran interessiert ist, einfach ein kurzes Mail \u00fcber das Kontaktformular schicken. Alle Fotos auf dieser Homepage k\u00f6nnen auch erworben werden. Die Bilder sind signiert und nummeriert. Bildformate sind bis zum Format A1 (60x90cm oder l\u00e4nger) m\u00f6glich. Dar\u00fcber hinaus sind nat\u00fcrlich Sonderformat m\u00f6glich. F\u00fcr eine Bestellung notieren Sie sich bitte die Bildnummer und teilen Sie mir diese mit. Ein Bestellformular f\u00fcr den Kauf von Bildern finden Sie auf dieser Homepage. Ich w\u00fcnsche Ihnen noch viel Freude beim Durchbl\u00e4ttern meiner Homepage.<\/p>\n\n\n\n<p>Franz Harald Hois &#8211; Meisterfotograf<\/p>\n","protected":false},"excerpt":{"rendered":"<p>B\u00fccher mit Infos und Abbildungen von mir. Es gibt noch wenige Exemplare zum Kaufen. Buchpreis Euro 24,00. Wer daran interessiert ist, einfach ein kurzes Mail \u00fcber das Kontaktformular schicken. Alle Fotos auf dieser Homepage k\u00f6nnen auch erworben werden. Die Bilder sind signiert und nummeriert. Bildformate sind bis zum Format A1 (60x90cm oder l\u00e4nger) m\u00f6glich. Dar\u00fcber&#8230;<\/p>\n","protected":false},"author":1,"featured_media":0,"parent":0,"menu_order":0,"comment_status":"closed","ping_status":"closed","template":"","meta":[],"_links":{"self":[{"href":"https:\/\/www.franzhois.com\/index.php?rest_route=\/wp\/v2\/pages\/1740"}],"collection":[{"href":"https:\/\/www.franzhois.com\/index.php?rest_route=\/wp\/v2\/pages"}],"about":[{"href":"https:\/\/www.franzhois.com\/index.php?rest_route=\/wp\/v2\/types\/page"}],"author":[{"embeddable":true,"href":"https:\/\/www.franzhois.com\/index.php?rest_route=\/wp\/v2\/users\/1"}],"replies":[{"embeddable":true,"href":"https:\/\/www.franzhois.com\/index.php?rest_route=%2Fwp%2Fv2%2Fcomments&post=1740"}],"version-history":[{"count":9,"href":"https:\/\/www.franzhois.com\/index.php?rest_route=\/wp\/v2\/pages\/1740\/revisions"}],"predecessor-version":[{"id":1800,"href":"https:\/\/www.franzhois.com\/index.php?rest_route=\/wp\/v2\/pages\/1740\/revisions\/1800"}],"wp:attachment":[{"href":"https:\/\/www.franzhois.com\/index.php?rest_route=%2Fwp%2Fv2%2Fmedia&parent=1740"}],"curies":[{"name":"wp","href":"https:\/\/api.w.org\/{rel}","templated":true}]}}