{"id":164,"date":"2015-11-28T09:08:28","date_gmt":"2015-11-28T08:08:28","guid":{"rendered":"http:\/\/www.franzhois.com\/?page_id=164"},"modified":"2021-01-18T19:17:28","modified_gmt":"2021-01-18T18:17:28","slug":"preise","status":"publish","type":"page","link":"https:\/\/www.franzhois.com\/?page_id=164","title":{"rendered":"Preise"},"content":{"rendered":"<p>Preise auf Anfrage!<\/p>\n<p>Sie k\u00f6nnen mich gerne telefonisch oder per E-Mail kontaktieren.<\/p>\n<p>Tel.:\u00a0 43 (0)664 3301032<\/p>\n<p>Mail: office@designfoto.at<\/p>\n<p>Impressum: <a href=\"http:\/\/www.designfotoakademie.at\/impressum\/\" target=\"_blank\" rel=\"noopener\">Designfoto Franz Harald Hois<\/a><\/p>\n<p>Fotografie ist Leidenschaft &#8211; Leidenschaft f\u00fchrt zur Pr\u00e4zision &#8211; Pr\u00e4zision ergibt FineArt Photography<\/p>\n","protected":false},"excerpt":{"rendered":"<p>Preise auf Anfrage! Sie k\u00f6nnen mich gerne telefonisch oder per E-Mail kontaktieren. Tel.:\u00a0 43 (0)664 3301032 Mail: office@designfoto.at Impressum: Designfoto Franz Harald Hois Fotografie ist Leidenschaft &#8211; Leidenschaft f\u00fchrt zur Pr\u00e4zision &#8211; Pr\u00e4zision ergibt FineArt Photography<\/p>\n","protected":false},"author":1,"featured_media":0,"parent":0,"menu_order":0,"comment_status":"closed","ping_status":"closed","template":"","meta":[],"_links":{"self":[{"href":"https:\/\/www.franzhois.com\/index.php?rest_route=\/wp\/v2\/pages\/164"}],"collection":[{"href":"https:\/\/www.franzhois.com\/index.php?rest_route=\/wp\/v2\/pages"}],"about":[{"href":"https:\/\/www.franzhois.com\/index.php?rest_route=\/wp\/v2\/types\/page"}],"author":[{"embeddable":true,"href":"https:\/\/www.franzhois.com\/index.php?rest_route=\/wp\/v2\/users\/1"}],"replies":[{"embeddable":true,"href":"https:\/\/www.franzhois.com\/index.php?rest_route=%2Fwp%2Fv2%2Fcomments&post=164"}],"version-history":[{"count":6,"href":"https:\/\/www.franzhois.com\/index.php?rest_route=\/wp\/v2\/pages\/164\/revisions"}],"predecessor-version":[{"id":1496,"href":"https:\/\/www.franzhois.com\/index.php?rest_route=\/wp\/v2\/pages\/164\/revisions\/1496"}],"wp:attachment":[{"href":"https:\/\/www.franzhois.com\/index.php?rest_route=%2Fwp%2Fv2%2Fmedia&parent=164"}],"curies":[{"name":"wp","href":"https:\/\/api.w.org\/{rel}","templated":true}]}}